{"id":243,"date":"2020-05-12T14:00:21","date_gmt":"2020-05-12T14:00:21","guid":{"rendered":"https:\/\/hoteldriloni.com\/index.php\/triple-room\/"},"modified":"2024-10-22T08:34:42","modified_gmt":"2024-10-22T08:34:42","slug":"dhome-treshe","status":"publish","type":"page","link":"https:\/\/hoteldriloni.com\/index.php\/dhome-treshe\/","title":{"rendered":"DHOME TRESHE"},"content":{"rendered":"<div class=\"wpb-content-wrapper\"><p>[vc_row bg_type=&#8221;bg_color&#8221; bg_override=&#8221;ex-full&#8221; css=&#8221;.vc_custom_1587553341058{padding-top: 80px !important;padding-bottom: 70px !important;}&#8221; bg_color_value=&#8221;#efefef&#8221;][vc_column width=&#8221;1\/2&#8243; css=&#8221;.vc_custom_1587378050629{margin-right: 50px !important;padding-right: 50px !important;}&#8221;][vc_media_grid style=&#8221;pagination&#8221; items_per_page=&#8221;1&#8243; element_width=&#8221;12&#8243; gap=&#8221;10&#8243; paging_color=&#8221;black&#8221; grid_id=&#8221;vc_gid:1729586059554-53e55e21-10cd-1&#8243; include=&#8221;400,398,396,394,392,383,421,419,417,415&#8243;][\/vc_column][vc_column width=&#8221;1\/2&#8243;][vc_column_text]T\u00eb gjitha dhomat jan\u00eb me aj\u00ebr t\u00eb kondicionuar me ballkon edhe frigorifer. Dhoma treshe ka 1 krevat dopio dhe 1 krevat tek .[\/vc_column_text][vc_row_inner][vc_column_inner width=&#8221;1\/2&#8243; css=&#8221;.vc_custom_1587549565204{padding-bottom: 10px !important;}&#8221;]<div class=\"ult-content-box-container \" >\t\t<div class=\"ult-content-box\" style=\"background-color:#ffffff;box-shadow: px px px px none;padding-top:40px;padding-right:50px;padding-bottom:1px;padding-left:10px;-webkit-transition: all 700ms ease;-moz-transition: all 700ms ease;-ms-transition: all 700ms ease;-o-transition: all 700ms ease;transition: all 700ms ease;\"  data-hover_box_shadow=\"none\"     data-bg=\"#ffffff\" ><div class=\"aio-icon-component  vc_custom_1600157039709   style_1\"><div id=\"Info-box-wrap-9275\" class=\"aio-icon-box default-icon\" style=\"\"  ><div class=\"aio-icon-default\"><div class=\"ult-just-icon-wrapper  \"><div class=\"align-icon\" style=\"text-align:center;\">\n<div class=\"aio-icon-img \" style=\"font-size:50px;display:inline-block;\" >\n\t<img decoding=\"async\" class=\"img-icon\" alt=\"null\" src=\"https:\/\/hoteldriloni.com\/wp-content\/uploads\/2020\/09\/wardrobe.png\"\/>\n<\/div><\/div><\/div><\/div><div class=\"aio-icon-header\" ><h3 class=\"aio-icon-title ult-responsive\"  data-ultimate-target='#Info-box-wrap-9275 .aio-icon-title'  data-responsive-json-new='{\"font-size\":\"\",\"line-height\":\"\"}'  style=\"\">Dollap<\/h3><\/div> <!-- header --><\/div> <!-- aio-icon-box --><\/div> <!-- aio-icon-component -->\t\t<\/div><\/div><div class=\"ult-content-box-container \" >\t\t<div class=\"ult-content-box\" style=\"background-color:#ffffff;box-shadow: px px px px none;padding-top:40px;padding-right:50px;padding-bottom:1px;padding-left:10px;margin-top:10px;-webkit-transition: all 700ms ease;-moz-transition: all 700ms ease;-ms-transition: all 700ms ease;-o-transition: all 700ms ease;transition: all 700ms ease;\"  data-hover_box_shadow=\"none\"    data-normal_margins=\"margin-top:10px;\"   data-bg=\"#ffffff\" ><div class=\"aio-icon-component  vc_custom_1589297042715   style_1\"><div id=\"Info-box-wrap-2966\" class=\"aio-icon-box default-icon\" style=\"\"  ><div class=\"aio-icon-default\"><div class=\"ult-just-icon-wrapper  \"><div class=\"align-icon\" style=\"text-align:center;\">\n<div class=\"aio-icon-img \" style=\"font-size:50px;display:inline-block;\" >\n\t<img decoding=\"async\" class=\"img-icon\" alt=\"null\" src=\"https:\/\/hoteldriloni.com\/wp-content\/uploads\/2020\/05\/air-conditioner.png\"\/>\n<\/div><\/div><\/div><\/div><div class=\"aio-icon-header\" ><h3 class=\"aio-icon-title ult-responsive\"  data-ultimate-target='#Info-box-wrap-2966 .aio-icon-title'  data-responsive-json-new='{\"font-size\":\"\",\"line-height\":\"\"}'  style=\"\">Aj\u00ebr i kondicionuar<\/h3><\/div> <!-- header --><\/div> <!-- aio-icon-box --><\/div> <!-- aio-icon-component -->\t\t<\/div><\/div><div class=\"ult-content-box-container \" >\t\t<div class=\"ult-content-box\" style=\"background-color:#ffffff;box-shadow: px px px px none;padding-top:40px;padding-right:50px;padding-bottom:1px;padding-left:10px;margin-top:10px;-webkit-transition: all 700ms ease;-moz-transition: all 700ms ease;-ms-transition: all 700ms ease;-o-transition: all 700ms ease;transition: all 700ms ease;\"  data-hover_box_shadow=\"none\"    data-normal_margins=\"margin-top:10px;\"   data-bg=\"#ffffff\" ><div class=\"aio-icon-component  vc_custom_1589297048633   style_1\"><div id=\"Info-box-wrap-7156\" class=\"aio-icon-box default-icon\" style=\"\"  ><div class=\"aio-icon-default\"><div class=\"ult-just-icon-wrapper  \"><div class=\"align-icon\" style=\"text-align:center;\">\n<div class=\"aio-icon-img \" style=\"font-size:50px;display:inline-block;\" >\n\t<img decoding=\"async\" class=\"img-icon\" alt=\"null\" src=\"https:\/\/hoteldriloni.com\/wp-content\/uploads\/2020\/05\/volume.png\"\/>\n<\/div><\/div><\/div><\/div><div class=\"aio-icon-header\" ><h3 class=\"aio-icon-title ult-responsive\"  data-ultimate-target='#Info-box-wrap-7156 .aio-icon-title'  data-responsive-json-new='{\"font-size\":\"\",\"line-height\":\"\"}'  style=\"\">Reduktim i zhurmave<\/h3><\/div> <!-- header --><\/div> <!-- aio-icon-box --><\/div> <!-- aio-icon-component -->\t\t<\/div><\/div>[\/vc_column_inner][vc_column_inner width=&#8221;1\/2&#8243;]<div class=\"ult-content-box-container \" >\t\t<div class=\"ult-content-box\" style=\"background-color:#ffffff;box-shadow: px px px px none;padding-top:40px;padding-right:50px;padding-bottom:1px;padding-left:10px;-webkit-transition: all 700ms ease;-moz-transition: all 700ms ease;-ms-transition: all 700ms ease;-o-transition: all 700ms ease;transition: all 700ms ease;\"  data-hover_box_shadow=\"none\"     data-bg=\"#ffffff\" ><div class=\"aio-icon-component  vc_custom_1589297054424   style_1\"><div id=\"Info-box-wrap-5409\" class=\"aio-icon-box default-icon\" style=\"\"  ><div class=\"aio-icon-default\"><div class=\"ult-just-icon-wrapper  \"><div class=\"align-icon\" style=\"text-align:center;\">\n<div class=\"aio-icon-img \" style=\"font-size:50px;display:inline-block;\" >\n\t<img decoding=\"async\" class=\"img-icon\" alt=\"null\" src=\"https:\/\/hoteldriloni.com\/wp-content\/uploads\/2020\/05\/bathroom.png\"\/>\n<\/div><\/div><\/div><\/div><div class=\"aio-icon-header\" ><h3 class=\"aio-icon-title ult-responsive\"  data-ultimate-target='#Info-box-wrap-5409 .aio-icon-title'  data-responsive-json-new='{\"font-size\":\"\",\"line-height\":\"\"}'  style=\"\">Banjo Private<\/h3><\/div> <!-- header --><\/div> <!-- aio-icon-box --><\/div> <!-- aio-icon-component -->\t\t<\/div><\/div><div class=\"ult-content-box-container \" >\t\t<div class=\"ult-content-box\" style=\"background-color:#ffffff;box-shadow: px px px px none;padding-top:40px;padding-right:50px;padding-bottom:1px;padding-left:10px;margin-top:10px;-webkit-transition: all 700ms ease;-moz-transition: all 700ms ease;-ms-transition: all 700ms ease;-o-transition: all 700ms ease;transition: all 700ms ease;\"  data-hover_box_shadow=\"none\"    data-normal_margins=\"margin-top:10px;\"   data-bg=\"#ffffff\" ><div class=\"aio-icon-component  vc_custom_1589291150722   style_1\"><div id=\"Info-box-wrap-5582\" class=\"aio-icon-box default-icon\" style=\"\"  ><div class=\"aio-icon-default\"><div class=\"ult-just-icon-wrapper  \"><div class=\"align-icon\" style=\"text-align:center;\">\n<div class=\"aio-icon-img \" style=\"font-size:50px;display:inline-block;\" >\n\t<img decoding=\"async\" class=\"img-icon\" alt=\"null\" src=\"https:\/\/hoteldriloni.com\/wp-content\/uploads\/2020\/05\/wifi.png\"\/>\n<\/div><\/div><\/div><\/div><div class=\"aio-icon-header\" ><h3 class=\"aio-icon-title ult-responsive\"  data-ultimate-target='#Info-box-wrap-5582 .aio-icon-title'  data-responsive-json-new='{\"font-size\":\"\",\"line-height\":\"\"}'  style=\"\">Free WiFi<\/h3><\/div> <!-- header --><\/div> <!-- aio-icon-box --><\/div> <!-- aio-icon-component -->\t\t<\/div><\/div><div class=\"ult-content-box-container \" >\t\t<div class=\"ult-content-box\" style=\"background-color:#ffffff;box-shadow: px px px px none;padding-top:40px;padding-right:50px;padding-bottom:1px;padding-left:10px;margin-top:10px;-webkit-transition: all 700ms ease;-moz-transition: all 700ms ease;-ms-transition: all 700ms ease;-o-transition: all 700ms ease;transition: all 700ms ease;\"  data-hover_box_shadow=\"none\"    data-normal_margins=\"margin-top:10px;\"   data-bg=\"#ffffff\" ><div class=\"aio-icon-component  vc_custom_1589297064160   style_1\"><div id=\"Info-box-wrap-7307\" class=\"aio-icon-box default-icon\" style=\"\"  ><div class=\"aio-icon-default\"><div class=\"ult-just-icon-wrapper  \"><div class=\"align-icon\" style=\"text-align:center;\">\n<div class=\"aio-icon-img \" style=\"font-size:50px;display:inline-block;\" >\n\t<img decoding=\"async\" class=\"img-icon\" alt=\"null\" src=\"https:\/\/hoteldriloni.com\/wp-content\/uploads\/2020\/05\/car-parking.png\"\/>\n<\/div><\/div><\/div><\/div><div class=\"aio-icon-header\" ><h3 class=\"aio-icon-title ult-responsive\"  data-ultimate-target='#Info-box-wrap-7307 .aio-icon-title'  data-responsive-json-new='{\"font-size\":\"\",\"line-height\":\"\"}'  style=\"\">Parking Falas<\/h3><\/div> <!-- header --><\/div> <!-- aio-icon-box --><\/div> <!-- aio-icon-component -->\t\t<\/div><\/div>[\/vc_column_inner][\/vc_row_inner][vc_btn title=&#8221;REZERVO TANI&#8221; style=&#8221;outline-custom&#8221; outline_custom_color=&#8221;#0c0c0c&#8221; outline_custom_hover_background=&#8221;#0a0a0a&#8221; outline_custom_hover_text=&#8221;#ffffff&#8221; size=&#8221;lg&#8221; align=&#8221;center&#8221; link=&#8221;url:https%3A%2F%2Fhoteldriloni.com%2Findex.php%2Fkontakt%2F%3Flang%3Dsq|title:KONTAKT||&#8221; el_class=&#8221;btn-size&#8221;][\/vc_column][\/vc_row][vc_row bg_type=&#8221;image&#8221; parallax_style=&#8221;vcpb-default&#8221; bg_image_new=&#8221;id^358|url^https:\/\/hoteldriloni.com\/wp-content\/uploads\/2022\/03\/double2.jpg|caption^null|alt^null|title^double2|description^null&#8221; bg_image_repeat=&#8221;no-repeat&#8221; bg_override=&#8221;ex-full&#8221; enable_overlay=&#8221;enable_overlay_value&#8221; overlay_color=&#8221;#0c0c0c&#8221; overlay_pattern_opacity=&#8221;0.5&#8243; css=&#8221;.vc_custom_1648636748725{padding-top: 100px !important;padding-bottom: 100px !important;}&#8221;][vc_column][vc_custom_heading text=&#8221;Rezervoni tani dhe shijoni hotelin ton\u00eb&#8221; font_container=&#8221;tag:h2|text_align:center|color:%23ffffff&#8221; use_theme_fonts=&#8221;yes&#8221;][vc_btn title=&#8221;KONTAKT&#8221; style=&#8221;outline-custom&#8221; outline_custom_color=&#8221;#ffffff&#8221; outline_custom_hover_background=&#8221;#ffffff&#8221; outline_custom_hover_text=&#8221;#0a0a0a&#8221; align=&#8221;center&#8221; css=&#8221;.vc_custom_1589297111792{margin-top: 25px !important;}&#8221; link=&#8221;url:https%3A%2F%2Fhoteldriloni.com%2Findex.php%2Fkontakt%2F%3Flang%3Dsq|title:KONTAKT||&#8221;][\/vc_column][\/vc_row]<\/p>\n<\/div>","protected":false},"excerpt":{"rendered":"<p>[vc_row bg_type=&#8221;bg_color&#8221; bg_override=&#8221;ex-full&#8221; css=&#8221;.vc_custom_1587553341058{padding-top: 80px !important;padding-bottom: 70px !important;}&#8221; bg_color_value=&#8221;#efefef&#8221;][vc_column width=&#8221;1\/2&#8243; css=&#8221;.vc_custom_1587378050629{margin-right: 50px !important;padding-right: 50px !important;}&#8221;][vc_media_grid style=&#8221;pagination&#8221; items_per_page=&#8221;1&#8243; element_width=&#8221;12&#8243; gap=&#8221;10&#8243; paging_color=&#8221;black&#8221; grid_id=&#8221;vc_gid:1729586059554-53e55e21-10cd-1&#8243; include=&#8221;400,398,396,394,392,383,421,419,417,415&#8243;][\/vc_column][vc_column width=&#8221;1\/2&#8243;][vc_column_text]T\u00eb gjitha dhomat jan\u00eb me aj\u00ebr t\u00eb kondicionuar me ballkon edhe frigorifer. Dhoma treshe ka 1 krevat dopio dhe 1 krevat tek .[\/vc_column_text][vc_row_inner][vc_column_inner width=&#8221;1\/2&#8243; css=&#8221;.vc_custom_1587549565204{padding-bottom: 10px !important;}&#8221;][\/vc_column_inner][vc_column_inner width=&#8221;1\/2&#8243;][\/vc_column_inner][\/vc_row_inner][vc_btn title=&#8221;REZERVO TANI&#8221; style=&#8221;outline-custom&#8221; outline_custom_color=&#8221;#0c0c0c&#8221; outline_custom_hover_background=&#8221;#0a0a0a&#8221;&hellip;<\/p>\n","protected":false},"author":1,"featured_media":0,"parent":0,"menu_order":0,"comment_status":"closed","ping_status":"closed","template":"","meta":{"footnotes":""},"class_list":["post-243","page","type-page","status-publish","hentry","description-off"],"_links":{"self":[{"href":"https:\/\/hoteldriloni.com\/index.php\/wp-json\/wp\/v2\/pages\/243","targetHints":{"allow":["GET"]}}],"collection":[{"href":"https:\/\/hoteldriloni.com\/index.php\/wp-json\/wp\/v2\/pages"}],"about":[{"href":"https:\/\/hoteldriloni.com\/index.php\/wp-json\/wp\/v2\/types\/page"}],"author":[{"embeddable":true,"href":"https:\/\/hoteldriloni.com\/index.php\/wp-json\/wp\/v2\/users\/1"}],"replies":[{"embeddable":true,"href":"https:\/\/hoteldriloni.com\/index.php\/wp-json\/wp\/v2\/comments?post=243"}],"version-history":[{"count":8,"href":"https:\/\/hoteldriloni.com\/index.php\/wp-json\/wp\/v2\/pages\/243\/revisions"}],"predecessor-version":[{"id":427,"href":"https:\/\/hoteldriloni.com\/index.php\/wp-json\/wp\/v2\/pages\/243\/revisions\/427"}],"wp:attachment":[{"href":"https:\/\/hoteldriloni.com\/index.php\/wp-json\/wp\/v2\/media?parent=243"}],"curies":[{"name":"wp","href":"https:\/\/api.w.org\/{rel}","templated":true}]}}